{"id":14824,"date":"2023-11-25T10:05:59","date_gmt":"2023-11-25T10:05:59","guid":{"rendered":"https:\/\/ventamoncalvillo.com\/web\/?page_id=14824"},"modified":"2023-12-01T17:28:21","modified_gmt":"2023-12-01T17:28:21","slug":"hermanos-echapresto-2","status":"publish","type":"page","link":"https:\/\/ventamoncalvillo.com\/web\/hermanos-echapresto-2\/","title":{"rendered":"Hermanos Echapresto"},"content":{"rendered":"<p><div class=\"fusion-fullwidth fullwidth-box fusion-builder-row-1 fusion-flex-container nonhundred-percent-fullwidth non-hundred-percent-height-scrolling\" style=\"background-color: rgba(255,255,255,0);background-position: center center;background-repeat: no-repeat;border-width: 0px 0px 0px 0px;border-color:#eae9e9;border-style:solid;\" ><div class=\"fusion-builder-row fusion-row fusion-flex-align-items-flex-start\" style=\"max-width:calc( 1920px + 0.5em );margin-left: calc(-0.5em \/ 2 );margin-right: calc(-0.5em \/ 2 );\"><div class=\"fusion-layout-column fusion_builder_column fusion-builder-column-0 fusion_builder_column_1_2 1_2 fusion-flex-column\"><div class=\"fusion-column-wrapper fusion-flex-justify-content-flex-start fusion-content-layout-column\" style=\"background-position:left top;background-repeat:no-repeat;-webkit-background-size:cover;-moz-background-size:cover;-o-background-size:cover;background-size:cover;padding: 0px 0px 9px 0px;\"><div style=\"text-align:center;\"><span class=\" fusion-imageframe imageframe-none imageframe-1 hover-type-none\"><img decoding=\"async\" width=\"400\" height=\"267\" title=\"_E0A0161\" src=\"https:\/\/ventamoncalvillo.com\/web\/wp-content\/uploads\/2023\/11\/E0A0161-400x267.jpg\" class=\"img-responsive wp-image-14876\" srcset=\"https:\/\/ventamoncalvillo.com\/web\/wp-content\/uploads\/2023\/11\/E0A0161-200x133.jpg 200w, https:\/\/ventamoncalvillo.com\/web\/wp-content\/uploads\/2023\/11\/E0A0161-400x267.jpg 400w, https:\/\/ventamoncalvillo.com\/web\/wp-content\/uploads\/2023\/11\/E0A0161-600x400.jpg 600w, https:\/\/ventamoncalvillo.com\/web\/wp-content\/uploads\/2023\/11\/E0A0161-800x533.jpg 800w, https:\/\/ventamoncalvillo.com\/web\/wp-content\/uploads\/2023\/11\/E0A0161-1200x800.jpg 1200w\" sizes=\"(max-width: 640px) 100vw, 1200px\" \/><\/span><\/div><\/div><style type=\"text\/css\">.fusion-body .fusion-builder-column-0{width:50% !important;margin-top : 0px;margin-bottom : 0px;}.fusion-builder-column-0 > .fusion-column-wrapper {padding-top : 0px !important;padding-right : 0px !important;margin-right : 0.25em;padding-bottom : 9px !important;padding-left : 0px !important;margin-left : 0.25em;}@media only screen and (max-width:1024px) {.fusion-body .fusion-builder-column-0{width:50% !important;order : 0;}.fusion-builder-column-0 > .fusion-column-wrapper {margin-right : 0.25em;margin-left : 0.25em;}}@media only screen and (max-width:640px) {.fusion-body .fusion-builder-column-0{width:100% !important;order : 0;}.fusion-builder-column-0 > .fusion-column-wrapper {margin-right : 0.25em;margin-left : 0.25em;}}<\/style><\/div><div class=\"fusion-layout-column fusion_builder_column fusion-builder-column-1 fusion_builder_column_1_2 1_2 fusion-flex-column\"><div class=\"fusion-column-wrapper fusion-flex-justify-content-flex-start fusion-content-layout-column\" style=\"background-position:left top;background-repeat:no-repeat;-webkit-background-size:cover;-moz-background-size:cover;-o-background-size:cover;background-size:cover;padding: 0px 0px 0px 0px;\"><div style=\"text-align:center;\"><span class=\" fusion-imageframe imageframe-none imageframe-2 hover-type-none\"><img decoding=\"async\" width=\"400\" height=\"267\" title=\"IMG_9550\" src=\"https:\/\/ventamoncalvillo.com\/web\/wp-content\/uploads\/2023\/11\/IMG_9550-400x267.jpg\" class=\"img-responsive wp-image-14874\" srcset=\"https:\/\/ventamoncalvillo.com\/web\/wp-content\/uploads\/2023\/11\/IMG_9550-200x133.jpg 200w, https:\/\/ventamoncalvillo.com\/web\/wp-content\/uploads\/2023\/11\/IMG_9550-400x267.jpg 400w, https:\/\/ventamoncalvillo.com\/web\/wp-content\/uploads\/2023\/11\/IMG_9550-600x400.jpg 600w, https:\/\/ventamoncalvillo.com\/web\/wp-content\/uploads\/2023\/11\/IMG_9550-800x533.jpg 800w, https:\/\/ventamoncalvillo.com\/web\/wp-content\/uploads\/2023\/11\/IMG_9550-1200x800.jpg 1200w\" sizes=\"(max-width: 640px) 100vw, 1200px\" \/><\/span><\/div><\/div><style type=\"text\/css\">.fusion-body .fusion-builder-column-1{width:50% !important;margin-top : 0px;margin-bottom : 0px;}.fusion-builder-column-1 > .fusion-column-wrapper {padding-top : 0px !important;padding-right : 0px !important;margin-right : 0.25em;padding-bottom : 0px !important;padding-left : 0px !important;margin-left : 0.25em;}@media only screen and (max-width:1024px) {.fusion-body .fusion-builder-column-1{width:50% !important;order : 0;}.fusion-builder-column-1 > .fusion-column-wrapper {margin-right : 0.25em;margin-left : 0.25em;}}@media only screen and (max-width:640px) {.fusion-body .fusion-builder-column-1{width:100% !important;order : 0;}.fusion-builder-column-1 > .fusion-column-wrapper {margin-right : 0.25em;margin-left : 0.25em;}}<\/style><\/div><\/div><style type=\"text\/css\">.fusion-body .fusion-flex-container.fusion-builder-row-1{ padding-top : 0px;margin-top : 0px;padding-right : 0px;padding-bottom : 0px;margin-bottom : 0px;padding-left : 0px;}<\/style><\/div><div class=\"fusion-fullwidth fullwidth-box fusion-builder-row-2 fusion-flex-container nonhundred-percent-fullwidth non-hundred-percent-height-scrolling\" style=\"background-color: rgba(255,255,255,0);background-position: center center;background-repeat: no-repeat;border-width: 0px 0px 0px 0px;border-color:#eae9e9;border-style:solid;\" id=\"ignacioRow\" ><div class=\"fusion-builder-row fusion-row fusion-flex-align-items-stretch\" style=\"max-width:1996.8px;margin-left: calc(-4% \/ 2 );margin-right: calc(-4% \/ 2 );\"><div class=\"fusion-layout-column fusion_builder_column fusion-builder-column-2 fusion_builder_column_1_2 1_2 fusion-flex-column\" id=\"fotoIgnacioColumn\"><div class=\"fusion-column-wrapper fusion-flex-justify-content-flex-start fusion-content-layout-column\" style=\"background-position:left top;background-repeat:no-repeat;-webkit-background-size:cover;-moz-background-size:cover;-o-background-size:cover;background-size:cover;padding: 0px 0px 0px 0px;\"><div class=\"fusion-text fusion-text-1\"><h1 class=\"fusion-responsive-typography-calculated\" style=\"text-align: center; color: #ab8b65; --fontsize: 34; line-height: 1.4;\" data-fontsize=\"34\" data-lineheight=\"47.6px\"><strong>Ignacio Echapresto<\/strong><\/h1>\n<p><span style=\"font-family: Georgia, Palatino; font-size: 12pt;\"><span style=\"color: #747474;\">Ignacio es un cocinero autodidacta, que aprendi\u00f3 los secretos de los fogones de la mano de su madre, Rosi. Su cocina no pierde de vista los sabores y productos que otorga la tierra riojana. La caza, las setas y, sobre todo, los productos de la huerta son la base de la despensa de Venta Moncalvillo.<\/span><\/span><\/p>\n<p align=\"justify\"><span style=\"font-family: Georgia, Palatino; font-size: 12pt;\">El g\u00e9nero de temporada nutre los platos de cada estaci\u00f3n, a los que Ignacio aporta las t\u00e9cnicas m\u00e1s vanguardistas hasta lograr una cocina tradicional rejuvenecida. <\/span><\/p>\n<p align=\"justify\"><span style=\"font-family: Georgia, Palatino; font-size: 12pt;\">La simplicidad en la elaboraci\u00f3n de cada uno de los elementos culinarios y el respeto por el sabor de la materia prima hacen que el resultado sea sorprendente.<\/span><\/p>\n<ul>\n<li>\n<p><span style=\"font-family: Georgia, Palatino; font-size: 12pt;\"><strong>Mejor Cocinero en La Rioja, a\u00f1o 2006.<\/strong><\/span><\/p>\n<\/li>\n<li>\n<p><span style=\"font-family: Georgia, Palatino; font-size: 12pt;\"><strong>La Gu\u00eda Michel\u00edn, le otorga su primera estrella en el 2010 y la mantiene desde entonces.<\/strong><\/span><\/p>\n<\/li>\n<li><span style=\"font-family: Georgia, Palatino; font-size: 12pt;\"><strong>La Gu\u00eda Michel\u00edn le concede su segunda estrella en el a\u00f1o 2024<\/strong><\/span><\/li>\n<\/ul>\n<ul>\n<li>\n<p><span style=\"font-family: Georgia, Palatino; font-size: 12pt;\"><strong>Dos Soles en la Gu\u00eda Repsol desde el a\u00f1o 2013.<\/strong><\/span><\/p>\n<\/li>\n<li><span style=\"font-weight: bolder;\"><span style=\"font-family: Georgia, Palatino; font-size: 12pt;\">Cocinero del A\u00f1o Madrid Fusi\u00f3n 2021.<\/span><\/span><\/li>\n<\/ul>\n<ul>\n<li><span style=\"font-family: Georgia, Palatino; font-size: 12pt;\"><strong>Embajador de la Cocina Riojana 2022.<\/strong><\/span><\/li>\n<\/ul>\n<ul>\n<li><span style=\"font-size: 12pt; font-family: Georgia, Palatino;\"><strong>Estrella<span style=\"font-weight: bolder;\"> Verde<\/span> Michelin 2023.<\/strong><\/span><\/li>\n<\/ul>\n<\/div><\/div><style type=\"text\/css\">.fusion-body .fusion-builder-column-2{width:50% !important;margin-top : 0px;margin-bottom : 20px;}.fusion-builder-column-2 > .fusion-column-wrapper {padding-top : 0px !important;padding-right : 0px !important;margin-right : 3.84%;padding-bottom : 0px !important;padding-left : 0px !important;margin-left : 3.84%;}@media only screen and (max-width:1024px) {.fusion-body .fusion-builder-column-2{width:50% !important;}.fusion-builder-column-2 > .fusion-column-wrapper {margin-right : 3.84%;margin-left : 3.84%;}}@media only screen and (max-width:640px) {.fusion-body .fusion-builder-column-2{width:100% !important;}.fusion-builder-column-2 > .fusion-column-wrapper {margin-right : 1.92%;margin-left : 1.92%;}}<\/style><\/div><div class=\"fusion-layout-column fusion_builder_column fusion-builder-column-3 fusion_builder_column_1_2 1_2 fusion-flex-column\" id=\"fotoCarlosColumn\"><div class=\"fusion-column-wrapper fusion-flex-justify-content-flex-start fusion-content-layout-column\" style=\"background-position:left top;background-repeat:no-repeat;-webkit-background-size:cover;-moz-background-size:cover;-o-background-size:cover;background-size:cover;padding: 0px 0px 0px 0px;\"><div class=\"fusion-text fusion-text-2\"><h1 class=\"fusion-responsive-typography-calculated\" style=\"text-align: center; color: #ab8b65; --fontsize: 34; line-height: 1.4;\" data-fontsize=\"34\" data-lineheight=\"47.6px\"><strong>Carlos Echapresto<\/strong><\/h1>\n<p style=\"text-align: left;\"><span style=\"font-size: 12pt; font-family: Georgia, Palatino;\">Carlos es el perfecto anfitri\u00f3n, el encargado de que nada les falte a los comensales en sala. Adem\u00e1s, como sumiller de Venta Moncalvillo, es el responsable de cuidar una bodega con m\u00e1s de 1800 referencias que provienen de los cinco continentes, para ofrecer un maridaje excelente entre viandas y vinos.<\/span><\/p>\n<ul>\n<li><span style=\"font-size: 12pt; font-family: Georgia, Palatino;\"><strong>Mejor Sumiller Rioja 2008<\/strong>, Otorgado por el Consejo Regulador de la DOCa Rioja al: \u201cSumiller que mejor conoce y transmite la cultura del vino de Rioja\u00bb<\/span><\/li>\n<\/ul>\n<ul>\n<li><span style=\"font-size: 12pt; font-family: Georgia, Palatino;\"><strong>Finalista al Premio Nacional Mejor Sumiller Espa\u00f1a en 2013<\/strong><\/span><\/li>\n<\/ul>\n<ul>\n<li><span style=\"font-size: 12pt; font-family: Georgia, Palatino;\"><strong><b>Premio International Wine Challenge <\/b>al mejor Sumiller que m\u00e1s ha hecho por la comercializaci\u00f3n del vino Rioja 2016.<\/strong><\/span><\/li>\n<\/ul>\n<ul>\n<li><span style=\"font-size: 12pt; font-family: Georgia, Palatino;\"><strong>Premio Nacional de Gastronomia al Mejor Sumiller 2016.<\/strong><\/span><\/li>\n<\/ul>\n<ul>\n<li><span style=\"font-size: 12pt; font-family: Georgia, Palatino;\"><strong>\u00abWine Challenge\u00bb Mejor Sumiller 2016.<\/strong><\/span><\/li>\n<\/ul>\n<ul>\n<li><span style=\"font-size: 12pt; font-family: Georgia, Palatino;\"><strong>\u00abWine Challenge\u00bb Mejor Carta de Vinos de Espa\u00f1a 2020.<\/strong><\/span><\/li>\n<\/ul>\n<ul>\n<li><span style=\"font-size: 12pt; font-family: Georgia, Palatino;\"><strong>Gourmet\u00b4s Mejor Sumiller 2022.<\/strong><\/span><\/li>\n<\/ul>\n<\/div><\/div><style type=\"text\/css\">.fusion-body .fusion-builder-column-3{width:50% !important;margin-top : 0px;margin-bottom : 20px;}.fusion-builder-column-3 > .fusion-column-wrapper {padding-top : 0px !important;padding-right : 0px !important;margin-right : 3.84%;padding-bottom : 0px !important;padding-left : 0px !important;margin-left : 3.84%;}@media only screen and (max-width:1024px) {.fusion-body .fusion-builder-column-3{width:50% !important;}.fusion-builder-column-3 > .fusion-column-wrapper {margin-right : 3.84%;margin-left : 3.84%;}}@media only screen and (max-width:640px) {.fusion-body .fusion-builder-column-3{width:100% !important;}.fusion-builder-column-3 > .fusion-column-wrapper {margin-right : 1.92%;margin-left : 1.92%;}}<\/style><\/div><\/div><style type=\"text\/css\">.fusion-body .fusion-flex-container.fusion-builder-row-2{ padding-top : 0px;margin-top : 50;padding-right : 0px;padding-bottom : 0px;margin-bottom : 50;padding-left : 0px;}<\/style><\/div><div class=\"fusion-fullwidth fullwidth-box fusion-builder-row-3 fusion-flex-container nonhundred-percent-fullwidth non-hundred-percent-height-scrolling\" style=\"background-color: rgba(255,255,255,0);background-position: center center;background-repeat: no-repeat;border-width: 0px 0px 0px 0px;border-color:#eae9e9;border-style:solid;\" ><div class=\"fusion-builder-row fusion-row fusion-flex-align-items-flex-start\" style=\"max-width:1996.8px;margin-left: calc(-4% \/ 2 );margin-right: calc(-4% \/ 2 );\"><\/div><style type=\"text\/css\">.fusion-body .fusion-flex-container.fusion-builder-row-3{ padding-top : 0px;margin-top : 50px;padding-right : 0px;padding-bottom : 0px;margin-bottom : 50px;padding-left : 0px;}<\/style><\/div><\/p>\n","protected":false},"excerpt":{"rendered":"","protected":false},"author":1,"featured_media":0,"parent":0,"menu_order":0,"comment_status":"closed","ping_status":"closed","template":"side-navigation.php","meta":{"footnotes":""},"_links":{"self":[{"href":"https:\/\/ventamoncalvillo.com\/web\/wp-json\/wp\/v2\/pages\/14824"}],"collection":[{"href":"https:\/\/ventamoncalvillo.com\/web\/wp-json\/wp\/v2\/pages"}],"about":[{"href":"https:\/\/ventamoncalvillo.com\/web\/wp-json\/wp\/v2\/types\/page"}],"author":[{"embeddable":true,"href":"https:\/\/ventamoncalvillo.com\/web\/wp-json\/wp\/v2\/users\/1"}],"replies":[{"embeddable":true,"href":"https:\/\/ventamoncalvillo.com\/web\/wp-json\/wp\/v2\/comments?post=14824"}],"version-history":[{"count":19,"href":"https:\/\/ventamoncalvillo.com\/web\/wp-json\/wp\/v2\/pages\/14824\/revisions"}],"predecessor-version":[{"id":15010,"href":"https:\/\/ventamoncalvillo.com\/web\/wp-json\/wp\/v2\/pages\/14824\/revisions\/15010"}],"wp:attachment":[{"href":"https:\/\/ventamoncalvillo.com\/web\/wp-json\/wp\/v2\/media?parent=14824"}],"curies":[{"name":"wp","href":"https:\/\/api.w.org\/{rel}","templated":true}]}}