{"id":15940,"date":"2025-11-04T08:14:04","date_gmt":"2025-11-04T08:14:04","guid":{"rendered":"https:\/\/ventamoncalvillo.com\/web\/?page_id=15940"},"modified":"2026-01-15T15:36:41","modified_gmt":"2026-01-15T15:36:41","slug":"__trashed","status":"publish","type":"page","link":"https:\/\/ventamoncalvillo.com\/web\/","title":{"rendered":"Inicio"},"content":{"rendered":"<p><div class=\"fusion-fullwidth fullwidth-box fusion-builder-row-1 fusion-flex-container nonhundred-percent-fullwidth non-hundred-percent-height-scrolling\" style=\"background-color: rgba(255,255,255,0);background-position: center center;background-repeat: no-repeat;border-width: 0px 0px 0 0px;border-color:#eae9e9;border-style:solid;\" ><div class=\"fusion-builder-row fusion-row fusion-flex-align-items-flex-start\" style=\"max-width:calc( 1920px + 0.5em );margin-left: calc(-0.5em \/ 2 );margin-right: calc(-0.5em \/ 2 );\"><div class=\"fusion-layout-column fusion_builder_column fusion-builder-column-0 fusion_builder_column_1_3 1_3 fusion-flex-column\"><div class=\"fusion-column-wrapper fusion-flex-justify-content-flex-start fusion-content-layout-column\" style=\"background-position:left top;background-repeat:no-repeat;-webkit-background-size:cover;-moz-background-size:cover;-o-background-size:cover;background-size:cover;padding: 0px 0px 15px 0px;\"><div style=\"text-align:center;\"><span class=\" fusion-imageframe imageframe-none imageframe-1 hover-type-zoomin imgenCabecera\"><a class=\"fusion-no-lightbox\" href=\"https:\/\/ventamoncalvillo.com\/web\/venta-moncalvillo-restaurante\/\" target=\"_self\" aria-label=\"250910_Venta Moncalvillo_comedor_2_8315\"><img decoding=\"async\" width=\"300\" height=\"300\" src=\"https:\/\/ventamoncalvillo.com\/web\/wp-content\/uploads\/2026\/01\/250910_Venta-Moncalvillo_comedor_2_8315-scaled-e1768490592345-300x300.jpg\" class=\"img-responsive wp-image-16239\" srcset=\"https:\/\/ventamoncalvillo.com\/web\/wp-content\/uploads\/2026\/01\/250910_Venta-Moncalvillo_comedor_2_8315-scaled-e1768490592345-200x200.jpg 200w, https:\/\/ventamoncalvillo.com\/web\/wp-content\/uploads\/2026\/01\/250910_Venta-Moncalvillo_comedor_2_8315-scaled-e1768490592345-400x400.jpg 400w, https:\/\/ventamoncalvillo.com\/web\/wp-content\/uploads\/2026\/01\/250910_Venta-Moncalvillo_comedor_2_8315-scaled-e1768490592345-600x600.jpg 600w, https:\/\/ventamoncalvillo.com\/web\/wp-content\/uploads\/2026\/01\/250910_Venta-Moncalvillo_comedor_2_8315-scaled-e1768490592345-800x800.jpg 800w, https:\/\/ventamoncalvillo.com\/web\/wp-content\/uploads\/2026\/01\/250910_Venta-Moncalvillo_comedor_2_8315-scaled-e1768490592345-1200x1200.jpg 1200w, https:\/\/ventamoncalvillo.com\/web\/wp-content\/uploads\/2026\/01\/250910_Venta-Moncalvillo_comedor_2_8315-scaled-e1768490592345.jpg 1706w\" sizes=\"(max-width: 640px) 100vw, 800px\" \/><\/a><\/span><\/div><div class=\"fusion-text fusion-text-1\"><h1 style=\"text-align: center; color: #ab8b65;\"><strong>Venta Moncalvillo<\/strong><\/h1>\n<h1 style=\"text-align: center; color: #ab8b65;\"><strong>Restaurante<\/strong><\/h1>\n<h1 style=\"text-align: center; color: #ab8b65;\"><strong>\u00a0<\/strong><\/h1>\n<h1 style=\"text-align: center; color: #ab8b65;\"><\/h1>\n<\/div><\/div><style type=\"text\/css\">.fusion-body .fusion-builder-column-0{width:33.333333333333% !important;margin-top : 0px;margin-bottom : 20px;}.fusion-builder-column-0 > .fusion-column-wrapper {padding-top : 0px !important;padding-right : 0px !important;margin-right : 0.25em;padding-bottom : 15 !important;padding-left : 0px !important;margin-left : 0.25em;}@media only screen and (max-width:1024px) {.fusion-body .fusion-builder-column-0{width:33.333333333333% !important;order : 0;}.fusion-builder-column-0 > .fusion-column-wrapper {margin-right : 0.25em;margin-left : 0.25em;}}@media only screen and (max-width:640px) {.fusion-body .fusion-builder-column-0{width:100% !important;order : 0;}.fusion-builder-column-0 > .fusion-column-wrapper {margin-right : 0.25em;margin-left : 0.25em;}}<\/style><\/div><div class=\"fusion-layout-column fusion_builder_column fusion-builder-column-1 fusion_builder_column_1_3 1_3 fusion-flex-column\"><div class=\"fusion-column-wrapper fusion-flex-justify-content-flex-start fusion-content-layout-column\" style=\"background-position:left top;background-repeat:no-repeat;-webkit-background-size:cover;-moz-background-size:cover;-o-background-size:cover;background-size:cover;padding: 0px 0px 15px 0px;\"><div style=\"text-align:center;\"><span class=\" fusion-imageframe imageframe-none imageframe-2 hover-type-zoomin imgenCabecera\" id=\"imagenHermanos\"><a class=\"fusion-no-lightbox\" href=\"https:\/\/ventamoncalvillo.com\/web\/venta-moncalvillo-granja-y-huerta\/\" target=\"_self\" aria-label=\"Dise\u00f1o sin t\u00edtulo (19)\"><img decoding=\"async\" width=\"300\" height=\"300\" src=\"https:\/\/ventamoncalvillo.com\/web\/wp-content\/uploads\/2025\/11\/Diseno-sin-titulo-19-1-300x300.jpg\" class=\"img-responsive wp-image-16142\" srcset=\"https:\/\/ventamoncalvillo.com\/web\/wp-content\/uploads\/2025\/11\/Diseno-sin-titulo-19-1-200x200.jpg 200w, https:\/\/ventamoncalvillo.com\/web\/wp-content\/uploads\/2025\/11\/Diseno-sin-titulo-19-1-400x400.jpg 400w, https:\/\/ventamoncalvillo.com\/web\/wp-content\/uploads\/2025\/11\/Diseno-sin-titulo-19-1-600x600.jpg 600w, https:\/\/ventamoncalvillo.com\/web\/wp-content\/uploads\/2025\/11\/Diseno-sin-titulo-19-1-800x800.jpg 800w, https:\/\/ventamoncalvillo.com\/web\/wp-content\/uploads\/2025\/11\/Diseno-sin-titulo-19-1-1200x1200.jpg 1200w\" sizes=\"(max-width: 640px) 100vw, 800px\" \/><\/a><\/span><\/div><div class=\"fusion-text fusion-text-2\"><h1 class=\"fusion-responsive-typography-calculated\" style=\"text-align: center; color: #ab8b65; --fontsize: 34; line-height: 1.4;\" data-fontsize=\"34\" data-lineheight=\"47.6px\"><strong>Venta Moncalvillo<\/strong><\/h1>\n<h1 class=\"fusion-responsive-typography-calculated\" style=\"text-align: center; color: #ab8b65; --fontsize: 34; line-height: 1.4;\" data-fontsize=\"34\" data-lineheight=\"47.6px\"><strong>Granja y Huerta <\/strong><\/h1>\n<\/div><\/div><style type=\"text\/css\">.fusion-body .fusion-builder-column-1{width:33.333333333333% !important;margin-top : 0px;margin-bottom : 20px;}.fusion-builder-column-1 > .fusion-column-wrapper {padding-top : 0px !important;padding-right : 0px !important;margin-right : 0.25em;padding-bottom : 15 !important;padding-left : 0px !important;margin-left : 0.25em;}@media only screen and (max-width:1024px) {.fusion-body .fusion-builder-column-1{width:33.333333333333% !important;order : 0;}.fusion-builder-column-1 > .fusion-column-wrapper {margin-right : 0.25em;margin-left : 0.25em;}}@media only screen and (max-width:640px) {.fusion-body .fusion-builder-column-1{width:100% !important;order : 0;}.fusion-builder-column-1 > .fusion-column-wrapper {margin-right : 0.25em;margin-left : 0.25em;}}<\/style><\/div><div class=\"fusion-layout-column fusion_builder_column fusion-builder-column-2 fusion_builder_column_1_3 1_3 fusion-flex-column\"><div class=\"fusion-column-wrapper fusion-flex-justify-content-flex-start fusion-content-layout-column\" style=\"background-position:left top;background-repeat:no-repeat;-webkit-background-size:cover;-moz-background-size:cover;-o-background-size:cover;background-size:cover;padding: 0px 0px 15px 0px;\"><div style=\"text-align:center;\"><span class=\" fusion-imageframe imageframe-none imageframe-3 hover-type-zoomin imgenCabecera\"><a class=\"fusion-no-lightbox\" href=\"https:\/\/ventamoncalvillo.com\/web\/echapresto-eventos\/\" target=\"_self\" aria-label=\"5[1]\"><img decoding=\"async\" width=\"300\" height=\"300\" src=\"https:\/\/ventamoncalvillo.com\/web\/wp-content\/uploads\/2023\/11\/51-300x300.jpg\" class=\"img-responsive wp-image-14850\" srcset=\"https:\/\/ventamoncalvillo.com\/web\/wp-content\/uploads\/2023\/11\/51-200x200.jpg 200w, https:\/\/ventamoncalvillo.com\/web\/wp-content\/uploads\/2023\/11\/51-400x400.jpg 400w, https:\/\/ventamoncalvillo.com\/web\/wp-content\/uploads\/2023\/11\/51-600x600.jpg 600w, https:\/\/ventamoncalvillo.com\/web\/wp-content\/uploads\/2023\/11\/51-800x800.jpg 800w, https:\/\/ventamoncalvillo.com\/web\/wp-content\/uploads\/2023\/11\/51-1200x1200.jpg 1200w, https:\/\/ventamoncalvillo.com\/web\/wp-content\/uploads\/2023\/11\/51.jpg 1772w\" sizes=\"(max-width: 640px) 100vw, 800px\" \/><\/a><\/span><\/div><div class=\"fusion-text fusion-text-3\"><h1 class=\"fusion-responsive-typography-calculated\" style=\"text-align: center; color: #ab8b65; --fontsize: 34; line-height: 1.4;\" data-fontsize=\"34\" data-lineheight=\"47.6px\"><b>Echapresto Eventos<\/b><\/h1>\n<\/div><\/div><style type=\"text\/css\">.fusion-body .fusion-builder-column-2{width:33.333333333333% !important;margin-top : 0px;margin-bottom : 20px;}.fusion-builder-column-2 > .fusion-column-wrapper {padding-top : 0px !important;padding-right : 0px !important;margin-right : 0.25em;padding-bottom : 15 !important;padding-left : 0px !important;margin-left : 0.25em;}@media only screen and (max-width:1024px) {.fusion-body .fusion-builder-column-2{width:33.333333333333% !important;order : 0;}.fusion-builder-column-2 > .fusion-column-wrapper {margin-right : 0.25em;margin-left : 0.25em;}}@media only screen and (max-width:640px) {.fusion-body .fusion-builder-column-2{width:100% !important;order : 0;}.fusion-builder-column-2 > .fusion-column-wrapper {margin-right : 0.25em;margin-left : 0.25em;}}<\/style><\/div><div class=\"fusion-layout-column fusion_builder_column fusion-builder-column-3 fusion_builder_column_1_1 1_1 fusion-flex-column\"><div class=\"fusion-column-wrapper fusion-flex-justify-content-flex-start fusion-content-layout-column\" style=\"background-position:left top;background-repeat:no-repeat;-webkit-background-size:cover;-moz-background-size:cover;-o-background-size:cover;background-size:cover;padding: 0px 0px 0px 0px;\"><div class=\"fusion-separator fusion-full-width-sep\" style=\"align-self: center;margin-left: auto;margin-right: auto;margin-bottom:20px;width:100%;\"><div class=\"fusion-separator-border sep-shadow\" style=\"background:radial-gradient(ellipse at 50% -50% , #e0dede 0px, rgba(255, 255, 255, 0) 80%) repeat scroll 0 0 rgba(0, 0, 0, 0);background:-webkit-radial-gradient(ellipse at 50% -50% , #e0dede 0px, rgba(255, 255, 255, 0) 80%) repeat scroll 0 0 rgba(0, 0, 0, 0);background:-moz-radial-gradient(ellipse at 50% -50% , #e0dede 0px, rgba(255, 255, 255, 0) 80%) repeat scroll 0 0 rgba(0, 0, 0, 0);background:-o-radial-gradient(ellipse at 50% -50% , #e0dede 0px, rgba(255, 255, 255, 0) 80%) repeat scroll 0 0 rgba(0, 0, 0, 0);\"><\/div><\/div><\/div><style type=\"text\/css\">.fusion-body .fusion-builder-column-3{width:100% !important;margin-top : 0px;margin-bottom : 20px;}.fusion-builder-column-3 > .fusion-column-wrapper {padding-top : 0px !important;padding-right : 0px !important;margin-right : 0.25em;padding-bottom : 0px !important;padding-left : 0px !important;margin-left : 0.25em;}@media only screen and (max-width:1024px) {.fusion-body .fusion-builder-column-3{width:100% !important;order : 0;}.fusion-builder-column-3 > .fusion-column-wrapper {margin-right : 0.25em;margin-left : 0.25em;}}@media only screen and (max-width:640px) {.fusion-body .fusion-builder-column-3{width:100% !important;order : 0;}.fusion-builder-column-3 > .fusion-column-wrapper {margin-right : 0.25em;margin-left : 0.25em;}}<\/style><\/div><\/div><style type=\"text\/css\">.fusion-body .fusion-flex-container.fusion-builder-row-1{ padding-top : 0px;margin-top : 110px;padding-right : 0px;padding-bottom : 0px;margin-bottom : 0px;padding-left : 0px;}<\/style><\/div><div class=\"fusion-fullwidth fullwidth-box fusion-builder-row-2 fusion-flex-container nonhundred-percent-fullwidth non-hundred-percent-height-scrolling\" style=\"background-color: rgba(255,255,255,0);background-position: center center;background-repeat: no-repeat;border-width: 0px 0px 0px 0px;border-color:#eae9e9;border-style:solid;\" ><div class=\"fusion-builder-row fusion-row fusion-flex-align-items-flex-start\" style=\"max-width:1996.8px;margin-left: calc(-4% \/ 2 );margin-right: calc(-4% \/ 2 );\"><div class=\"fusion-layout-column fusion_builder_column fusion-builder-column-4 fusion_builder_column_1_1 1_1 fusion-flex-column\"><div class=\"fusion-column-wrapper fusion-flex-justify-content-flex-start fusion-content-layout-column\" style=\"background-position:left top;background-repeat:no-repeat;-webkit-background-size:cover;-moz-background-size:cover;-o-background-size:cover;background-size:cover;padding: 0px 0px 0px 0px;\"><div ><span class=\" fusion-imageframe imageframe-none imageframe-4 hover-type-none\" style=\"margin-bottom:1px;\"><img decoding=\"async\" width=\"2560\" height=\"1019\" title=\"_E0A0850\" src=\"https:\/\/ventamoncalvillo.com\/web\/wp-content\/uploads\/2025\/11\/E0A0850-scaled-e1762417934661.jpg\" class=\"img-responsive wp-image-16024\" srcset=\"https:\/\/ventamoncalvillo.com\/web\/wp-content\/uploads\/2025\/11\/E0A0850-scaled-e1762417934661-200x80.jpg 200w, https:\/\/ventamoncalvillo.com\/web\/wp-content\/uploads\/2025\/11\/E0A0850-scaled-e1762417934661-400x159.jpg 400w, https:\/\/ventamoncalvillo.com\/web\/wp-content\/uploads\/2025\/11\/E0A0850-scaled-e1762417934661-600x239.jpg 600w, https:\/\/ventamoncalvillo.com\/web\/wp-content\/uploads\/2025\/11\/E0A0850-scaled-e1762417934661-800x318.jpg 800w, https:\/\/ventamoncalvillo.com\/web\/wp-content\/uploads\/2025\/11\/E0A0850-scaled-e1762417934661-1200x478.jpg 1200w, https:\/\/ventamoncalvillo.com\/web\/wp-content\/uploads\/2025\/11\/E0A0850-scaled-e1762417934661.jpg 2560w\" sizes=\"(max-width: 640px) 100vw, 2560px\" \/><\/span><\/div><\/div><style type=\"text\/css\">.fusion-body .fusion-builder-column-4{width:100% !important;margin-top : 0px;margin-bottom : 20px;}.fusion-builder-column-4 > .fusion-column-wrapper {padding-top : 0px !important;padding-right : 0px !important;margin-right : 1.92%;padding-bottom : 0px !important;padding-left : 0px !important;margin-left : 1.92%;}@media only screen and (max-width:1024px) {.fusion-body .fusion-builder-column-4{width:100% !important;order : 0;}.fusion-builder-column-4 > .fusion-column-wrapper {margin-right : 1.92%;margin-left : 1.92%;}}@media only screen and (max-width:640px) {.fusion-body .fusion-builder-column-4{width:100% !important;order : 0;}.fusion-builder-column-4 > .fusion-column-wrapper {margin-right : 1.92%;margin-left : 1.92%;}}<\/style><\/div><div class=\"fusion-layout-column fusion_builder_column fusion-builder-column-5 fusion_builder_column_1_2 1_2 fusion-flex-column\"><div class=\"fusion-column-wrapper fusion-flex-justify-content-flex-start fusion-content-layout-column\" style=\"background-position:left top;background-repeat:no-repeat;-webkit-background-size:cover;-moz-background-size:cover;-o-background-size:cover;background-size:cover;padding: 0px 0px 0px 0px;\"><div class=\"fusion-text fusion-text-4\"><h1 class=\"\" data-fontsize=\"34\" data-lineheight=\"47.6px\"><strong>Carlos Echapresto<\/strong><\/h1>\n<p>Carlos es el perfecto anfitri\u00f3n, el encargado de que nada les falte a los comensales en sala. Adem\u00e1s, como sumiller de Venta Moncalvillo, es el responsable de cuidar una bodega con m\u00e1s de 1800 referencias que provienen de los cinco continentes, para ofrecer un maridaje excelente entre viandas y vinos.<\/p>\n<ul>\n<li><strong>Mejor Sumiller Rioja 2008<\/strong>, Otorgado por el Consejo Regulador de la DOCa Rioja al: \u201cSumiller que mejor conoce y transmite la cultura del vino de Rioja\u00bb<\/li>\n<\/ul>\n<ul>\n<li><strong>Finalista al Premio Nacional Mejor Sumiller Espa\u00f1a en 2013<\/strong><\/li>\n<\/ul>\n<ul>\n<li><strong><b>Premio International Wine Challenge\u00a0<\/b>al mejor Sumiller que m\u00e1s ha hecho por la comercializaci\u00f3n del vino Rioja 2016.<\/strong><\/li>\n<\/ul>\n<ul>\n<li><strong>Premio Nacional de Gastronomia al Mejor Sumiller 2016.<\/strong><\/li>\n<\/ul>\n<ul>\n<li><strong>\u00abWine Challenge\u00bb Mejor Sumiller 2016.<\/strong><\/li>\n<\/ul>\n<ul>\n<li><strong>\u00abWine Challenge\u00bb Mejor Carta de Vinos de Espa\u00f1a 2020.<\/strong><\/li>\n<\/ul>\n<ul>\n<li><strong>Gourmet\u00b4s Mejor Sumiller 2022.<\/strong><\/li>\n<\/ul>\n<\/div><\/div><style type=\"text\/css\">.fusion-body .fusion-builder-column-5{width:50% !important;margin-top : 0px;margin-bottom : 20px;}.fusion-builder-column-5 > .fusion-column-wrapper {padding-top : 0px !important;padding-right : 0px !important;margin-right : 3.84%;padding-bottom : 0px !important;padding-left : 0px !important;margin-left : 3.84%;}@media only screen and (max-width:1024px) {.fusion-body .fusion-builder-column-5{width:50% !important;order : 0;}.fusion-builder-column-5 > .fusion-column-wrapper {margin-right : 3.84%;margin-left : 3.84%;}}@media only screen and (max-width:640px) {.fusion-body .fusion-builder-column-5{width:100% !important;order : 0;}.fusion-builder-column-5 > .fusion-column-wrapper {margin-right : 1.92%;margin-left : 1.92%;}}<\/style><\/div><div class=\"fusion-layout-column fusion_builder_column fusion-builder-column-6 fusion_builder_column_1_2 1_2 fusion-flex-column\"><div class=\"fusion-column-wrapper fusion-flex-justify-content-flex-start fusion-content-layout-column\" style=\"background-position:left top;background-repeat:no-repeat;-webkit-background-size:cover;-moz-background-size:cover;-o-background-size:cover;background-size:cover;padding: 0px 0px 0px 0px;\"><div class=\"fusion-text fusion-text-5\"><h1 class=\"\" data-fontsize=\"34\" data-lineheight=\"47.6px\"><strong>Ignacio Echapresto<\/strong><\/h1>\n<p>Ignacio es un cocinero autodidacta, que aprendi\u00f3 los secretos de los fogones de la mano de su madre, Rosi. Su cocina no pierde de vista los sabores y productos que otorga la tierra riojana. La caza, las setas y, sobre todo, los productos de la huerta son la base de la despensa de Venta Moncalvillo.<\/p>\n<p align=\"justify\">El g\u00e9nero de temporada nutre los platos de cada estaci\u00f3n, a los que Ignacio aporta las t\u00e9cnicas m\u00e1s vanguardistas hasta lograr una cocina tradicional rejuvenecida.<\/p>\n<p align=\"justify\">La simplicidad en la elaboraci\u00f3n de cada uno de los elementos culinarios y el respeto por el sabor de la materia prima hacen que el resultado sea sorprendente.<\/p>\n<ul>\n<li><strong>Mejor Cocinero en La Rioja, a\u00f1o 2006.<\/strong><\/li>\n<li><strong>La Gu\u00eda Michel\u00edn, le otorga su primera estrella en el 2010 y la mantiene desde entonces.<\/strong><\/li>\n<li><strong>La Gu\u00eda Michel\u00edn le concede su segunda estrella en el a\u00f1o 2024<\/strong><\/li>\n<\/ul>\n<ul>\n<li><strong>Dos Soles en la Gu\u00eda Repsol desde el a\u00f1o 2013.<\/strong><\/li>\n<li>Cocinero del A\u00f1o Madrid Fusi\u00f3n 2021.<\/li>\n<\/ul>\n<ul>\n<li><strong>Embajador de la Cocina Riojana 2022.<\/strong><\/li>\n<\/ul>\n<ul>\n<li><strong>Estrella\u00a0Verde\u00a0Michelin 2023.<\/strong><\/li>\n<\/ul>\n<\/div><\/div><style type=\"text\/css\">.fusion-body .fusion-builder-column-6{width:50% !important;margin-top : 0px;margin-bottom : 20px;}.fusion-builder-column-6 > .fusion-column-wrapper {padding-top : 0px !important;padding-right : 0px !important;margin-right : 3.84%;padding-bottom : 0px !important;padding-left : 0px !important;margin-left : 3.84%;}@media only screen and (max-width:1024px) {.fusion-body .fusion-builder-column-6{width:50% !important;order : 0;}.fusion-builder-column-6 > .fusion-column-wrapper {margin-right : 3.84%;margin-left : 3.84%;}}@media only screen and (max-width:640px) {.fusion-body .fusion-builder-column-6{width:100% !important;order : 0;}.fusion-builder-column-6 > .fusion-column-wrapper {margin-right : 1.92%;margin-left : 1.92%;}}<\/style><\/div><\/div><style type=\"text\/css\">.fusion-body .fusion-flex-container.fusion-builder-row-2{ padding-top : 0px;margin-top : 0px;padding-right : 0px;padding-bottom : 0px;margin-bottom : 0px;padding-left : 0px;}<\/style><\/div><div class=\"fusion-fullwidth fullwidth-box fusion-builder-row-3 fusion-flex-container nonhundred-percent-fullwidth non-hundred-percent-height-scrolling\" style=\"background-color: rgba(255,255,255,0);background-position: center center;background-repeat: no-repeat;border-width: 0px 0px 0px 0px;border-color:#eae9e9;border-style:solid;\" ><div class=\"fusion-builder-row fusion-row fusion-flex-align-items-flex-start\" style=\"max-width:1996.8px;margin-left: calc(-4% \/ 2 );margin-right: calc(-4% \/ 2 );\"><div class=\"fusion-layout-column fusion_builder_column fusion-builder-column-7 fusion_builder_column_1_1 1_1 fusion-flex-column\"><div class=\"fusion-column-wrapper fusion-flex-justify-content-flex-start fusion-content-layout-column\" style=\"background-position:left top;background-repeat:no-repeat;-webkit-background-size:cover;-moz-background-size:cover;-o-background-size:cover;background-size:cover;padding: 0px 0px 0px 0px;\"><div ><span class=\" fusion-imageframe imageframe-none imageframe-5 hover-type-none\"><a class=\"fusion-no-lightbox\" href=\"https:\/\/www.youtube.com\/user\/VentaMoncalvillo\" target=\"_blank\" aria-label=\"Dise\u00f1o sin t\u00edtulo &#8211; 1\" rel=\"noopener noreferrer\"><img decoding=\"async\" width=\"1414\" height=\"342\" src=\"https:\/\/ventamoncalvillo.com\/web\/wp-content\/uploads\/2022\/11\/Diseno-sin-titulo.jpg\" class=\"img-responsive wp-image-14299\" srcset=\"https:\/\/ventamoncalvillo.com\/web\/wp-content\/uploads\/2022\/11\/Diseno-sin-titulo-200x48.jpg 200w, https:\/\/ventamoncalvillo.com\/web\/wp-content\/uploads\/2022\/11\/Diseno-sin-titulo-400x97.jpg 400w, https:\/\/ventamoncalvillo.com\/web\/wp-content\/uploads\/2022\/11\/Diseno-sin-titulo-600x145.jpg 600w, https:\/\/ventamoncalvillo.com\/web\/wp-content\/uploads\/2022\/11\/Diseno-sin-titulo-800x193.jpg 800w, https:\/\/ventamoncalvillo.com\/web\/wp-content\/uploads\/2022\/11\/Diseno-sin-titulo-1200x290.jpg 1200w, https:\/\/ventamoncalvillo.com\/web\/wp-content\/uploads\/2022\/11\/Diseno-sin-titulo.jpg 1414w\" sizes=\"(max-width: 640px) 100vw, 1414px\" \/><\/a><\/span><\/div><\/div><style type=\"text\/css\">.fusion-body .fusion-builder-column-7{width:100% !important;margin-top : 0px;margin-bottom : 20px;}.fusion-builder-column-7 > .fusion-column-wrapper {padding-top : 0px !important;padding-right : 0px !important;margin-right : 1.92%;padding-bottom : 0px !important;padding-left : 0px !important;margin-left : 1.92%;}@media only screen and (max-width:1024px) {.fusion-body .fusion-builder-column-7{width:100% !important;order : 0;}.fusion-builder-column-7 > .fusion-column-wrapper {margin-right : 1.92%;margin-left : 1.92%;}}@media only screen and (max-width:640px) {.fusion-body .fusion-builder-column-7{width:100% !important;order : 0;}.fusion-builder-column-7 > .fusion-column-wrapper {margin-right : 1.92%;margin-left : 1.92%;}}<\/style><\/div><\/div><style type=\"text\/css\">.fusion-body .fusion-flex-container.fusion-builder-row-3{ padding-top : 0px;margin-top : 0px;padding-right : 0px;padding-bottom : 0px;margin-bottom : 0px;padding-left : 0px;}<\/style><\/div><\/p>\n","protected":false},"excerpt":{"rendered":"","protected":false},"author":1,"featured_media":0,"parent":0,"menu_order":0,"comment_status":"closed","ping_status":"closed","template":"side-navigation.php","meta":{"footnotes":""},"_links":{"self":[{"href":"https:\/\/ventamoncalvillo.com\/web\/wp-json\/wp\/v2\/pages\/15940"}],"collection":[{"href":"https:\/\/ventamoncalvillo.com\/web\/wp-json\/wp\/v2\/pages"}],"about":[{"href":"https:\/\/ventamoncalvillo.com\/web\/wp-json\/wp\/v2\/types\/page"}],"author":[{"embeddable":true,"href":"https:\/\/ventamoncalvillo.com\/web\/wp-json\/wp\/v2\/users\/1"}],"replies":[{"embeddable":true,"href":"https:\/\/ventamoncalvillo.com\/web\/wp-json\/wp\/v2\/comments?post=15940"}],"version-history":[{"count":37,"href":"https:\/\/ventamoncalvillo.com\/web\/wp-json\/wp\/v2\/pages\/15940\/revisions"}],"predecessor-version":[{"id":16244,"href":"https:\/\/ventamoncalvillo.com\/web\/wp-json\/wp\/v2\/pages\/15940\/revisions\/16244"}],"wp:attachment":[{"href":"https:\/\/ventamoncalvillo.com\/web\/wp-json\/wp\/v2\/media?parent=15940"}],"curies":[{"name":"wp","href":"https:\/\/api.w.org\/{rel}","templated":true}]}}